{"id":7131,"date":"2026-02-26T15:19:20","date_gmt":"2026-02-26T15:19:20","guid":{"rendered":"https:\/\/staging.fasset.be\/aannemers\/"},"modified":"2026-03-31T07:21:19","modified_gmt":"2026-03-31T07:21:19","slug":"aannemers","status":"publish","type":"page","link":"https:\/\/fasset.be\/fr\/aannemers\/","title":{"rendered":"Aannemers"},"content":{"rendered":"\t\t<div data-elementor-type=\"wp-page\" data-elementor-id=\"7131\" class=\"elementor elementor-7131 elementor-6694\" data-elementor-post-type=\"page\">\n\t\t\t\t<div class=\"elementor-element elementor-element-9fe77f7 e-flex e-con-boxed e-con e-parent\" data-id=\"9fe77f7\" data-element_type=\"container\" data-e-type=\"container\" data-settings=\"{&quot;background_background&quot;:&quot;classic&quot;}\">\n\t\t\t\t\t<div class=\"e-con-inner\">\n\t\t\t\t<div class=\"elementor-element elementor-element-4db575b animated-slow elementor-invisible elementor-widget elementor-widget-heading\" data-id=\"4db575b\" data-element_type=\"widget\" data-e-type=\"widget\" data-settings=\"{&quot;_animation&quot;:&quot;fadeInUp&quot;}\" data-widget_type=\"heading.default\">\n\t\t\t\t<div class=\"elementor-widget-container\">\n\t\t\t\t\t<h1 class=\"elementor-heading-title elementor-size-default\"><span class=\"highlight\">Pour qui<\/span> - les contractants<\/h1>\t\t\t\t<\/div>\n\t\t\t\t<\/div>\n\t\t\t\t\t<\/div>\n\t\t\t\t<\/div>\n\t\t<div class=\"elementor-element elementor-element-a99b5c6 e-con-full e-flex e-con e-parent\" data-id=\"a99b5c6\" data-element_type=\"container\" data-e-type=\"container\" data-settings=\"{&quot;background_background&quot;:&quot;classic&quot;}\">\n\t\t<div class=\"elementor-element elementor-element-0918183 e-flex e-con-boxed e-con e-child\" data-id=\"0918183\" data-element_type=\"container\" data-e-type=\"container\">\n\t\t\t\t\t<div class=\"e-con-inner\">\n\t\t\t\t<div class=\"elementor-element elementor-element-8e4958f animated-slow elementor-invisible elementor-widget elementor-widget-heading\" data-id=\"8e4958f\" data-element_type=\"widget\" data-e-type=\"widget\" data-settings=\"{&quot;_animation&quot;:&quot;fadeInUp&quot;}\" data-widget_type=\"heading.default\">\n\t\t\t\t<div class=\"elementor-widget-container\">\n\t\t\t\t\t<h1 class=\"elementor-heading-title elementor-size-default\">Finition int\u00e9rieure et solutions textiles pour les entrepreneurs<\/h1>\t\t\t\t<\/div>\n\t\t\t\t<\/div>\n\t\t\t\t<div class=\"elementor-element elementor-element-a9bf10a animated-slow elementor-widget__width-initial elementor-invisible elementor-widget elementor-widget-text-editor\" data-id=\"a9bf10a\" data-element_type=\"widget\" data-e-type=\"widget\" data-settings=\"{&quot;_animation&quot;:&quot;fadeInUp&quot;}\" data-widget_type=\"text-editor.default\">\n\t\t\t\t<div class=\"elementor-widget-container\">\n\t\t\t\t\t\t\t\t\tEn tant qu&rsquo;entrepreneur, vous avez besoin de partenaires fiables pour chaque partie d&rsquo;un projet. fasset\u00ae propose des textiles d&rsquo;int\u00e9rieur, des rideaux et des stores sur mesure, de la conception \u00e0 l&rsquo;installation, afin que vos projets soient men\u00e9s \u00e0 bien de mani\u00e8re fluide et professionnelle.\t\t\t\t\t\t\t\t<\/div>\n\t\t\t\t<\/div>\n\t\t\t\t\t<\/div>\n\t\t\t\t<\/div>\n\t\t<div class=\"elementor-element elementor-element-9c99b5e e-con-full e-flex e-con e-child\" data-id=\"9c99b5e\" data-element_type=\"container\" data-e-type=\"container\">\n\t\t<div class=\"elementor-element elementor-element-87c10a1 e-con-full e-flex e-con e-child\" data-id=\"87c10a1\" data-element_type=\"container\" data-e-type=\"container\">\n\t\t\t\t<div class=\"elementor-element elementor-element-096a04a elementor-widget elementor-widget-image\" data-id=\"096a04a\" data-element_type=\"widget\" data-e-type=\"widget\" data-widget_type=\"image.default\">\n\t\t\t\t<div class=\"elementor-widget-container\">\n\t\t\t\t\t\t\t\t\t\t\t\t\t\t\t<img fetchpriority=\"high\" decoding=\"async\" width=\"873\" height=\"873\" src=\"https:\/\/fasset.be\/wp-content\/uploads\/2026\/02\/WEB-fasset-Dtonic-realisaties_Z0A4646-Verbeterd-NR-1.jpg\" class=\"attachment-large size-large wp-image-6704\" alt=\"\" srcset=\"https:\/\/fasset.be\/wp-content\/uploads\/2026\/02\/WEB-fasset-Dtonic-realisaties_Z0A4646-Verbeterd-NR-1.jpg 873w, https:\/\/fasset.be\/wp-content\/uploads\/2026\/02\/WEB-fasset-Dtonic-realisaties_Z0A4646-Verbeterd-NR-1-300x300.jpg 300w, https:\/\/fasset.be\/wp-content\/uploads\/2026\/02\/WEB-fasset-Dtonic-realisaties_Z0A4646-Verbeterd-NR-1-150x150.jpg 150w, https:\/\/fasset.be\/wp-content\/uploads\/2026\/02\/WEB-fasset-Dtonic-realisaties_Z0A4646-Verbeterd-NR-1-768x768.jpg 768w\" sizes=\"(max-width: 873px) 100vw, 873px\" \/>\t\t\t\t\t\t\t\t\t\t\t\t\t\t\t<\/div>\n\t\t\t\t<\/div>\n\t\t\t\t<\/div>\n\t\t<div class=\"elementor-element elementor-element-88689fd e-con-full e-flex e-con e-child\" data-id=\"88689fd\" data-element_type=\"container\" data-e-type=\"container\">\n\t\t\t\t<div class=\"elementor-element elementor-element-3998a7e animated-slow elementor-invisible elementor-widget elementor-widget-heading\" data-id=\"3998a7e\" data-element_type=\"widget\" data-e-type=\"widget\" data-settings=\"{&quot;_animation&quot;:&quot;fadeInUp&quot;}\" data-widget_type=\"heading.default\">\n\t\t\t\t<div class=\"elementor-widget-container\">\n\t\t\t\t\t<h2 class=\"elementor-heading-title elementor-size-default\">Un partenaire int\u00e9rieur fiable<\/h2>\t\t\t\t<\/div>\n\t\t\t\t<\/div>\n\t\t\t\t<div class=\"elementor-element elementor-element-e60bf81 animated-slow elementor-invisible elementor-widget elementor-widget-text-editor\" data-id=\"e60bf81\" data-element_type=\"widget\" data-e-type=\"widget\" data-settings=\"{&quot;_animation&quot;:&quot;fadeInUp&quot;}\" data-widget_type=\"text-editor.default\">\n\t\t\t\t<div class=\"elementor-widget-container\">\n\t\t\t\t\t\t\t\t\tNous sommes le partenaire privil\u00e9gi\u00e9 de nombreux entrepreneurs et fournissons des rideaux (acoustiques, de s\u00e9paration, de douche et de th\u00e9\u00e2tre), des stores, des syst\u00e8mes d&rsquo;occultation, des syst\u00e8mes de suspension de tableaux et des paravents hygi\u00e9niques pour le secteur des soins de sant\u00e9.\t\t\t\t\t\t\t\t<\/div>\n\t\t\t\t<\/div>\n\t\t\t\t<div class=\"elementor-element elementor-element-afc7ae8 animated-slow elementor-invisible elementor-widget elementor-widget-heading\" data-id=\"afc7ae8\" data-element_type=\"widget\" data-e-type=\"widget\" data-settings=\"{&quot;_animation&quot;:&quot;fadeInUp&quot;}\" data-widget_type=\"heading.default\">\n\t\t\t\t<div class=\"elementor-widget-container\">\n\t\t\t\t\t<h2 class=\"elementor-heading-title elementor-size-default\">De la maison au grand projet<\/h2>\t\t\t\t<\/div>\n\t\t\t\t<\/div>\n\t\t\t\t<div class=\"elementor-element elementor-element-da0cd4f animated-slow elementor-invisible elementor-widget elementor-widget-text-editor\" data-id=\"da0cd4f\" data-element_type=\"widget\" data-e-type=\"widget\" data-settings=\"{&quot;_animation&quot;:&quot;fadeInUp&quot;}\" data-widget_type=\"text-editor.default\">\n\t\t\t\t<div class=\"elementor-widget-container\">\n\t\t\t\t\t\t\t\t\tQu&rsquo;il s&rsquo;agisse de maisons priv\u00e9es, d&rsquo;h\u00f4tels, d&rsquo;\u00e9coles, d&rsquo;espaces de loisirs ou de projets internationaux, nous fabriquons, fournissons et installons des textiles d&rsquo;int\u00e9rieur en tant que fournisseur principal ou sous-traitant, en nous adaptant enti\u00e8rement \u00e0 votre projet et \u00e0 vos sp\u00e9cifications.\t\t\t\t\t\t\t\t<\/div>\n\t\t\t\t<\/div>\n\t\t\t\t<div class=\"elementor-element elementor-element-635c365 animated-slow elementor-invisible elementor-widget elementor-widget-heading\" data-id=\"635c365\" data-element_type=\"widget\" data-e-type=\"widget\" data-settings=\"{&quot;_animation&quot;:&quot;fadeInUp&quot;}\" data-widget_type=\"heading.default\">\n\t\t\t\t<div class=\"elementor-widget-container\">\n\t\t\t\t\t<h2 class=\"elementor-heading-title elementor-size-default\">Textiles techniques sur mesure - conseils et expertise<\/h2>\t\t\t\t<\/div>\n\t\t\t\t<\/div>\n\t\t\t\t<div class=\"elementor-element elementor-element-0436010 animated-slow elementor-invisible elementor-widget elementor-widget-text-editor\" data-id=\"0436010\" data-element_type=\"widget\" data-e-type=\"widget\" data-settings=\"{&quot;_animation&quot;:&quot;fadeInUp&quot;}\" data-widget_type=\"text-editor.default\">\n\t\t\t\t<div class=\"elementor-widget-container\">\n\t\t\t\t\t\t\t\t\tNos tissus allient fonctionnalit\u00e9 et esth\u00e9tique : ignifuges, acoustiques, bact\u00e9ricides, hydrofuges ou recycl\u00e9s. Avec des impressions et des tissages personnalis\u00e9s, nous traitons les textiles dans notre atelier et les installons avec notre propre \u00e9quipe exp\u00e9riment\u00e9e, pour un soulagement total.\t\t\t\t\t\t\t\t<\/div>\n\t\t\t\t<\/div>\n\t\t\t\t<div class=\"elementor-element elementor-element-2a99fe9 animated-slow elementor-invisible elementor-widget elementor-widget-text-editor\" data-id=\"2a99fe9\" data-element_type=\"widget\" data-e-type=\"widget\" data-settings=\"{&quot;_animation&quot;:&quot;fadeInUp&quot;}\" data-widget_type=\"text-editor.default\">\n\t\t\t\t<div class=\"elementor-widget-container\">\n\t\t\t\t\t\t\t\t\tPendant le processus de construction, nous vous aidons en vous conseillant sur les rideaux, les textiles d&rsquo;int\u00e9rieur, les stores, l&rsquo;acoustique et la finition du projet. Nous garantissons ainsi un r\u00e9sultat professionnel et sans compromis pour votre client.\t\t\t\t\t\t\t\t<\/div>\n\t\t\t\t<\/div>\n\t\t\t\t<div class=\"elementor-element elementor-element-9cc28f0 elementor-align-left elementor-mobile-align-center animated-slow elementor-invisible elementor-widget elementor-widget-button\" data-id=\"9cc28f0\" data-element_type=\"widget\" data-e-type=\"widget\" data-settings=\"{&quot;_animation&quot;:&quot;fadeInUp&quot;}\" data-widget_type=\"button.default\">\n\t\t\t\t<div class=\"elementor-widget-container\">\n\t\t\t\t\t\t\t\t\t<div class=\"elementor-button-wrapper\">\n\t\t\t\t\t<a class=\"elementor-button elementor-button-link elementor-size-sm\" href=\"https:\/\/fasset.be\/fr\/contact\/\">\n\t\t\t\t\t\t<span class=\"elementor-button-content-wrapper\">\n\t\t\t\t\t\t\t\t\t<span class=\"elementor-button-text\">CONTACTEZ-NOUS<\/span>\n\t\t\t\t\t<\/span>\n\t\t\t\t\t<\/a>\n\t\t\t\t<\/div>\n\t\t\t\t\t\t\t\t<\/div>\n\t\t\t\t<\/div>\n\t\t\t\t<\/div>\n\t\t\t\t<\/div>\n\t\t\t\t<\/div>\n\t\t\t\t<\/div>\n\t\t","protected":false},"excerpt":{"rendered":"<p>Pour qui &#8211; les contractants Finition int\u00e9rieure et solutions textiles pour les entrepreneurs En tant qu&rsquo;entrepreneur, vous avez besoin de [&hellip;]<\/p>\n","protected":false},"author":6,"featured_media":0,"parent":0,"menu_order":0,"comment_status":"closed","ping_status":"closed","template":"","meta":{"_acf_changed":false,"inline_featured_image":false,"site-sidebar-layout":"no-sidebar","site-content-layout":"","ast-site-content-layout":"full-width-container","site-content-style":"default","site-sidebar-style":"default","ast-global-header-display":"","ast-banner-title-visibility":"","ast-main-header-display":"","ast-hfb-above-header-display":"","ast-hfb-below-header-display":"","ast-hfb-mobile-header-display":"","site-post-title":"","ast-breadcrumbs-content":"","ast-featured-img":"disabled","footer-sml-layout":"","ast-disable-related-posts":"","theme-transparent-header-meta":"default","adv-header-id-meta":"","stick-header-meta":"","header-above-stick-meta":"","header-main-stick-meta":"","header-below-stick-meta":"","astra-migrate-meta-layouts":"default","ast-page-background-enabled":"default","ast-page-background-meta":{"desktop":{"background-color":"var(--ast-global-color-5)","background-image":"","background-repeat":"repeat","background-position":"center center","background-size":"auto","background-attachment":"scroll","background-type":"","background-media":"","overlay-type":"","overlay-color":"","overlay-opacity":"","overlay-gradient":""},"tablet":{"background-color":"","background-image":"","background-repeat":"repeat","background-position":"center center","background-size":"auto","background-attachment":"scroll","background-type":"","background-media":"","overlay-type":"","overlay-color":"","overlay-opacity":"","overlay-gradient":""},"mobile":{"background-color":"","background-image":"","background-repeat":"repeat","background-position":"center center","background-size":"auto","background-attachment":"scroll","background-type":"","background-media":"","overlay-type":"","overlay-color":"","overlay-opacity":"","overlay-gradient":""}},"ast-content-background-meta":{"desktop":{"background-color":"var(--ast-global-color-4)","background-image":"","background-repeat":"repeat","background-position":"center center","background-size":"auto","background-attachment":"scroll","background-type":"","background-media":"","overlay-type":"","overlay-color":"","overlay-opacity":"","overlay-gradient":""},"tablet":{"background-color":"var(--ast-global-color-4)","background-image":"","background-repeat":"repeat","background-position":"center center","background-size":"auto","background-attachment":"scroll","background-type":"","background-media":"","overlay-type":"","overlay-color":"","overlay-opacity":"","overlay-gradient":""},"mobile":{"background-color":"var(--ast-global-color-4)","background-image":"","background-repeat":"repeat","background-position":"center center","background-size":"auto","background-attachment":"scroll","background-type":"","background-media":"","overlay-type":"","overlay-color":"","overlay-opacity":"","overlay-gradient":""}},"footnotes":""},"class_list":["post-7131","page","type-page","status-publish","hentry"],"acf":[],"yoast_head":"<!-- This site is optimized with the Yoast SEO plugin v27.5 - https:\/\/yoast.com\/product\/yoast-seo-wordpress\/ -->\n<title>Aannemers | Fasset<\/title>\n<meta name=\"robots\" content=\"index, follow, max-snippet:-1, max-image-preview:large, max-video-preview:-1\" \/>\n<link rel=\"canonical\" href=\"https:\/\/fasset.be\/fr\/aannemers\/\" \/>\n<meta property=\"og:locale\" content=\"fr_FR\" \/>\n<meta property=\"og:type\" content=\"article\" \/>\n<meta property=\"og:title\" content=\"Aannemers | Fasset\" \/>\n<meta property=\"og:description\" content=\"Pour qui &#8211; les contractants Finition int\u00e9rieure et solutions textiles pour les entrepreneurs En tant qu&rsquo;entrepreneur, vous avez besoin de [&hellip;]\" \/>\n<meta property=\"og:url\" content=\"https:\/\/fasset.be\/fr\/aannemers\/\" \/>\n<meta property=\"og:site_name\" content=\"Fasset\" \/>\n<meta property=\"article:modified_time\" content=\"2026-03-31T07:21:19+00:00\" \/>\n<meta property=\"og:image\" content=\"https:\/\/fasset.be\/wp-content\/uploads\/2026\/02\/WEB-fasset-Dtonic-realisaties_Z0A4646-Verbeterd-NR-1.jpg\" \/>\n\t<meta property=\"og:image:width\" content=\"873\" \/>\n\t<meta property=\"og:image:height\" content=\"873\" \/>\n\t<meta property=\"og:image:type\" content=\"image\/jpeg\" \/>\n<meta name=\"twitter:card\" content=\"summary_large_image\" \/>\n<meta name=\"twitter:label1\" content=\"Dur\u00e9e de lecture estim\u00e9e\" \/>\n\t<meta name=\"twitter:data1\" content=\"2 minutes\" \/>\n<script type=\"application\/ld+json\" class=\"yoast-schema-graph\">{\"@context\":\"https:\\\/\\\/schema.org\",\"@graph\":[{\"@type\":\"WebPage\",\"@id\":\"https:\\\/\\\/fasset.be\\\/fr\\\/aannemers\\\/\",\"url\":\"https:\\\/\\\/fasset.be\\\/fr\\\/aannemers\\\/\",\"name\":\"Aannemers | Fasset\",\"isPartOf\":{\"@id\":\"https:\\\/\\\/fasset.be\\\/#website\"},\"primaryImageOfPage\":{\"@id\":\"https:\\\/\\\/fasset.be\\\/fr\\\/aannemers\\\/#primaryimage\"},\"image\":{\"@id\":\"https:\\\/\\\/fasset.be\\\/fr\\\/aannemers\\\/#primaryimage\"},\"thumbnailUrl\":\"https:\\\/\\\/fasset.be\\\/wp-content\\\/uploads\\\/2026\\\/02\\\/WEB-fasset-Dtonic-realisaties_Z0A4646-Verbeterd-NR-1.jpg\",\"datePublished\":\"2026-02-26T15:19:20+00:00\",\"dateModified\":\"2026-03-31T07:21:19+00:00\",\"breadcrumb\":{\"@id\":\"https:\\\/\\\/fasset.be\\\/fr\\\/aannemers\\\/#breadcrumb\"},\"inLanguage\":\"fr-FR\",\"potentialAction\":[{\"@type\":\"ReadAction\",\"target\":[\"https:\\\/\\\/fasset.be\\\/fr\\\/aannemers\\\/\"]}]},{\"@type\":\"ImageObject\",\"inLanguage\":\"fr-FR\",\"@id\":\"https:\\\/\\\/fasset.be\\\/fr\\\/aannemers\\\/#primaryimage\",\"url\":\"https:\\\/\\\/fasset.be\\\/wp-content\\\/uploads\\\/2026\\\/02\\\/WEB-fasset-Dtonic-realisaties_Z0A4646-Verbeterd-NR-1.jpg\",\"contentUrl\":\"https:\\\/\\\/fasset.be\\\/wp-content\\\/uploads\\\/2026\\\/02\\\/WEB-fasset-Dtonic-realisaties_Z0A4646-Verbeterd-NR-1.jpg\"},{\"@type\":\"BreadcrumbList\",\"@id\":\"https:\\\/\\\/fasset.be\\\/fr\\\/aannemers\\\/#breadcrumb\",\"itemListElement\":[{\"@type\":\"ListItem\",\"position\":1,\"name\":\"Home\",\"item\":\"https:\\\/\\\/fasset.be\\\/\"},{\"@type\":\"ListItem\",\"position\":2,\"name\":\"Aannemers\"}]},{\"@type\":\"WebSite\",\"@id\":\"https:\\\/\\\/fasset.be\\\/#website\",\"url\":\"https:\\\/\\\/fasset.be\\\/\",\"name\":\"Fasset\",\"description\":\"raamdecoratie, textiel, zonwering, akoestiek en hotelinrichting\",\"publisher\":{\"@id\":\"https:\\\/\\\/fasset.be\\\/#organization\"},\"potentialAction\":[{\"@type\":\"SearchAction\",\"target\":{\"@type\":\"EntryPoint\",\"urlTemplate\":\"https:\\\/\\\/fasset.be\\\/?s={search_term_string}\"},\"query-input\":{\"@type\":\"PropertyValueSpecification\",\"valueRequired\":true,\"valueName\":\"search_term_string\"}}],\"inLanguage\":\"fr-FR\"},{\"@type\":\"Organization\",\"@id\":\"https:\\\/\\\/fasset.be\\\/#organization\",\"name\":\"Fasset\",\"url\":\"https:\\\/\\\/fasset.be\\\/\",\"logo\":{\"@type\":\"ImageObject\",\"inLanguage\":\"fr-FR\",\"@id\":\"https:\\\/\\\/fasset.be\\\/#\\\/schema\\\/logo\\\/image\\\/\",\"url\":\"https:\\\/\\\/fasset.be\\\/wp-content\\\/uploads\\\/2026\\\/02\\\/logo-3.svg\",\"contentUrl\":\"https:\\\/\\\/fasset.be\\\/wp-content\\\/uploads\\\/2026\\\/02\\\/logo-3.svg\",\"caption\":\"Fasset\"},\"image\":{\"@id\":\"https:\\\/\\\/fasset.be\\\/#\\\/schema\\\/logo\\\/image\\\/\"}}]}<\/script>\n<!-- \/ Yoast SEO plugin. -->","yoast_head_json":{"title":"Aannemers | Fasset","robots":{"index":"index","follow":"follow","max-snippet":"max-snippet:-1","max-image-preview":"max-image-preview:large","max-video-preview":"max-video-preview:-1"},"canonical":"https:\/\/fasset.be\/fr\/aannemers\/","og_locale":"fr_FR","og_type":"article","og_title":"Aannemers | Fasset","og_description":"Pour qui &#8211; les contractants Finition int\u00e9rieure et solutions textiles pour les entrepreneurs En tant qu&rsquo;entrepreneur, vous avez besoin de [&hellip;]","og_url":"https:\/\/fasset.be\/fr\/aannemers\/","og_site_name":"Fasset","article_modified_time":"2026-03-31T07:21:19+00:00","og_image":[{"width":873,"height":873,"url":"https:\/\/fasset.be\/wp-content\/uploads\/2026\/02\/WEB-fasset-Dtonic-realisaties_Z0A4646-Verbeterd-NR-1.jpg","type":"image\/jpeg"}],"twitter_card":"summary_large_image","twitter_misc":{"Dur\u00e9e de lecture estim\u00e9e":"2 minutes"},"schema":{"@context":"https:\/\/schema.org","@graph":[{"@type":"WebPage","@id":"https:\/\/fasset.be\/fr\/aannemers\/","url":"https:\/\/fasset.be\/fr\/aannemers\/","name":"Aannemers | Fasset","isPartOf":{"@id":"https:\/\/fasset.be\/#website"},"primaryImageOfPage":{"@id":"https:\/\/fasset.be\/fr\/aannemers\/#primaryimage"},"image":{"@id":"https:\/\/fasset.be\/fr\/aannemers\/#primaryimage"},"thumbnailUrl":"https:\/\/fasset.be\/wp-content\/uploads\/2026\/02\/WEB-fasset-Dtonic-realisaties_Z0A4646-Verbeterd-NR-1.jpg","datePublished":"2026-02-26T15:19:20+00:00","dateModified":"2026-03-31T07:21:19+00:00","breadcrumb":{"@id":"https:\/\/fasset.be\/fr\/aannemers\/#breadcrumb"},"inLanguage":"fr-FR","potentialAction":[{"@type":"ReadAction","target":["https:\/\/fasset.be\/fr\/aannemers\/"]}]},{"@type":"ImageObject","inLanguage":"fr-FR","@id":"https:\/\/fasset.be\/fr\/aannemers\/#primaryimage","url":"https:\/\/fasset.be\/wp-content\/uploads\/2026\/02\/WEB-fasset-Dtonic-realisaties_Z0A4646-Verbeterd-NR-1.jpg","contentUrl":"https:\/\/fasset.be\/wp-content\/uploads\/2026\/02\/WEB-fasset-Dtonic-realisaties_Z0A4646-Verbeterd-NR-1.jpg"},{"@type":"BreadcrumbList","@id":"https:\/\/fasset.be\/fr\/aannemers\/#breadcrumb","itemListElement":[{"@type":"ListItem","position":1,"name":"Home","item":"https:\/\/fasset.be\/"},{"@type":"ListItem","position":2,"name":"Aannemers"}]},{"@type":"WebSite","@id":"https:\/\/fasset.be\/#website","url":"https:\/\/fasset.be\/","name":"Fasset","description":"raamdecoratie, textiel, zonwering, akoestiek en hotelinrichting","publisher":{"@id":"https:\/\/fasset.be\/#organization"},"potentialAction":[{"@type":"SearchAction","target":{"@type":"EntryPoint","urlTemplate":"https:\/\/fasset.be\/?s={search_term_string}"},"query-input":{"@type":"PropertyValueSpecification","valueRequired":true,"valueName":"search_term_string"}}],"inLanguage":"fr-FR"},{"@type":"Organization","@id":"https:\/\/fasset.be\/#organization","name":"Fasset","url":"https:\/\/fasset.be\/","logo":{"@type":"ImageObject","inLanguage":"fr-FR","@id":"https:\/\/fasset.be\/#\/schema\/logo\/image\/","url":"https:\/\/fasset.be\/wp-content\/uploads\/2026\/02\/logo-3.svg","contentUrl":"https:\/\/fasset.be\/wp-content\/uploads\/2026\/02\/logo-3.svg","caption":"Fasset"},"image":{"@id":"https:\/\/fasset.be\/#\/schema\/logo\/image\/"}}]}},"_links":{"self":[{"href":"https:\/\/fasset.be\/fr\/wp-json\/wp\/v2\/pages\/7131","targetHints":{"allow":["GET"]}}],"collection":[{"href":"https:\/\/fasset.be\/fr\/wp-json\/wp\/v2\/pages"}],"about":[{"href":"https:\/\/fasset.be\/fr\/wp-json\/wp\/v2\/types\/page"}],"author":[{"embeddable":true,"href":"https:\/\/fasset.be\/fr\/wp-json\/wp\/v2\/users\/6"}],"replies":[{"embeddable":true,"href":"https:\/\/fasset.be\/fr\/wp-json\/wp\/v2\/comments?post=7131"}],"version-history":[{"count":7,"href":"https:\/\/fasset.be\/fr\/wp-json\/wp\/v2\/pages\/7131\/revisions"}],"predecessor-version":[{"id":7705,"href":"https:\/\/fasset.be\/fr\/wp-json\/wp\/v2\/pages\/7131\/revisions\/7705"}],"wp:attachment":[{"href":"https:\/\/fasset.be\/fr\/wp-json\/wp\/v2\/media?parent=7131"}],"curies":[{"name":"wp","href":"https:\/\/api.w.org\/{rel}","templated":true}]}}